{"id":731,"date":"2009-11-01T18:10:02","date_gmt":"2009-11-01T16:10:02","guid":{"rendered":"http:\/\/www.duenengras.de\/?page_id=731"},"modified":"2010-08-24T10:23:04","modified_gmt":"2010-08-24T08:23:04","slug":"band-2-briefe-und-notizen","status":"publish","type":"page","link":"https:\/\/www.duenengras.de\/?page_id=731","title":{"rendered":"Band 2 &#8211; Briefe und Notizen"},"content":{"rendered":"<p><!--more--><br \/>\n<!--more--><\/p>\n<p class=\"gross\" style=\"padding-left: 60px; font-family: Verdana; color: #003366;\">\n<a title=\" Leseprobe aus Band 2: &nbsp; B R I E F E und N O T I Z E N; \" href=\" http:\/\/www.duenengras.de\/pdf\/Leseprobe Band 2 - Briefe und Notizen.pdf \" target=\"_blank\"> <img loading=\"lazy\" decoding=\"async\" class=\"alignright size-full wp-image-2071\" src=\"http:\/\/www.duenengras.de\/wp-content\/uploads\/2010\/08\/Bd2-14kb1.jpg\" alt=\"\" width=\"159\" height=\"226\" \/><\/a> <strong>Gras in den D\u00fcnen<br \/>\n<!--more--><br \/>\n<a title=\" Band 2 &nbsp; \u2013 &nbsp; B R I E F E &nbsp; &#038; &nbsp; N O T I Z E N &nbsp; \u2013 &nbsp; Aus dem &nbsp;  I N H A L T &nbsp; \u2013 &nbsp; V O R W O R T &nbsp;\" href=\"http:\/\/www.duenengras.de\/?page_id=731\" target=\"_blank\"> \u2013 Band 2 \u2013 <\/a><br \/>\n<!--more--><br \/>\nBriefe und Notizen<\/strong><br \/>\neines \u00dcberlebenden im Angesicht des Todes<br \/>\n<!--more--><br \/>\nISBN: 978-3-8391-2328-7 &nbsp; &nbsp; Preis: 9,80 \u20ac<strong><\/p>\n<p style=\"padding-left: 60px; font-family: Verdana; color: #003366; font-size: small;\">\n<br \/>\n\u263c Vorschau: &nbsp; &nbsp; <a title=\"Leseprobe aus Band 2: &nbsp; B R I E F E und N O T I Z E N \" href=\" http:\/\/www.duenengras.de\/pdf\/Leseprobe Band 2 - Briefe und Notizen.pdf \" target=\"_blank\"> <span style=\"color: #ff6600; \"> Leseprobe aus Band 2  <\/span> <\/a><br \/>\n\u263c Bezug: &nbsp; &nbsp; <a title=\" www . A M A Z O N . de \" href=\"http:\/\/www.amazon.de\/s\/ref=nb_sb_noss?__mk_de_DE=%C5M%C5Z%D5%D1&#038;url=search-alias%3Dstripbooks&#038;field-keywords=d%FCnen%2C+Wolters&#038;x=0&#038;y=0\"> <span style=\"color: #ff6600; \"> Amazon.de  <\/span> <\/a> &nbsp; &nbsp; \u263c &nbsp; &nbsp;  <a title=\" http:\/\/ B O O K S . G O O G L E . de\" href=\"http:\/\/books.google.de\/books?q=%22gras+in+den+d%C3%BCnen%22%2C+Wolters&amp;btnG=Nach+B%C3%BCchern+suchen\"> <span style=\"color: #ff6600; \"> Google B\u00fccher <\/span> <\/a>\n<\/p>\n<p><\/strong><br \/>\n<!--more--><br \/>\n<!--more--><br \/>\n<!--more--><\/p>\n<h1 class=\"gross\" style=\"padding-left: 30px; font-family: Verdana; color: #003366;\">AUS DEM INHALT (Band 2): &nbsp; \u00bbBriefe &#038; Notizen\u00ab<\/h1>\n<p><!--more--><\/p>\n<p class=\"gross\" style=\"padding-left: 120px; font-family: Verdana; color: #003366;\">\nInhaltsverzeichnis<br \/>\nVorwort<br \/>\n<!--more--><\/p>\n<p class=\"gross\" style=\"padding-left: 60px; font-family: Verdana; color: #003366;\">\nThemenbereiche<br \/>\n<!--more--><\/p>\n<p class=\"gross\" style=\"padding-left: 120px; font-family: Verdana; color: #003366;\">\nBriefe\n<\/p>\n<p class=\"gross\" style=\"padding-left: 140px; font-family: Verdana; color: #003366;\">\nMein erster Brief nach dem Befund<br \/>\nAntwort auf einen Hochzeitsgl\u00fcckwunsch<br \/>\nIch bin kein Arzt, aber f\u00fcr mich verantwortlich<br \/>\nDas sch\u00f6nste Weihnachtsfest: Ich lebe !<br \/>\nMeine subjektiven Krebserfahrungen<br \/>\nMissbrauche deine Krankheit nicht<br \/>\nAn meine Eltern<br \/>\nVerberge deine Krankheit nicht, lebe mit ihr<br \/>\nZufall, Unfall oder Schicksal<br \/>\nNachtrag<br \/>\nWeihnachten 2007\n<\/p>\n<p class=\"gross\" style=\"padding-left: 120px; font-family: Verdana; color: #003366;\">\nNotizen\n<\/p>\n<p class=\"gross\" style=\"padding-left: 140px; font-family: Verdana; color: #003366;\">\nParzival-Frage<br \/>\nVon der Liebe eines \u00e4lteren Ehepaares<br \/>\nVon Luft und Liebe<br \/>\nPhilemon und Baucis<br \/>\nAlter und Sch\u00f6nheit<br \/>\nAngst<br \/>\nAngst vor dem Sterben<br \/>\nKrebsvererbung mal anders gesehen<br \/>\nSchuld f\u00fcr etwas, das man nicht begangen hat<br \/>\nReich ist man, wenn man sich so f\u00fchlt<br \/>\nApropos Reichtum<br \/>\nHaus- und Wundermittel<br \/>\nMeine F\u00fc\u00dfe<br \/>\nWenn Du nachts nicht schlafen kannst<br \/>\nVertrauen in sein Schicksal<br \/>\nBeileidsbrief\n<\/p>\n<p class=\"gross\" style=\"padding-left: 120px; font-family: Verdana; color: #003366;\">\nInternet\n<\/p>\n<p class=\"gross\" style=\"padding-left: 140px; font-family: Verdana; color: #003366;\">\nSpiel mir das Lied vom Tod<br \/>\n\u00bbWas hast Du gegen Deinen Krebs getan?\u00ab<br \/>\nAbschiedsbrief an ein Krebs-Internet-Forum\n<\/p>\n<p><!--more--><br \/>\n<!--more--><br \/>\n<!--more--><\/p>\n<h1 class=\"gross\" style=\"padding-left: 30px; font-family: Verdana; color: #003366;\"><strong><br \/>\nVORWORT zu BAND 2: \u00bbEin kleines Wunder\u00ab<br \/>\n<\/strong><\/h1>\n<p><!--more--><\/p>\n<p class=\"gross\" style=\"padding-left: 30px; font-family: Verdana; color: #003366;\"><strong><br \/>\nLiebe Leserin, lieber Leser,<br \/>\n<\/strong><br \/>\nwenn uns ein Schicksalsschlag ohne Vorwarnung trifft, uns den Boden unter den F\u00fc\u00dfen wegrei\u00dft und wir schockiert, versteinert und verzweifelt sind, wenn es keine Zukunft mehr f\u00fcr uns zu geben und das Leben sich gegen uns entschieden zu haben scheint, wenn nichts mehr wie vorher ist, alle Ziele und Werte im Leben verschwimmen, sich \u00e4ndern oder sich zu verschieben drohen, wenn selbst f\u00fcr Hoffnung kein Platz mehr bei uns zu sein scheint und wir selbst an ein Wunder nicht mehr glauben k\u00f6nnen, dann trifft es jenen Moment im April 2006, in dem ich wie ein Blitz aus heiterem Himmel das medizinische Untersuchungsergebnis erfuhr: Metastasen eines sehr gef\u00e4hrlichen, kleinzelligen Karzinoms, das fast sichere Todesurteil.<br \/>\n<!--more--><br \/>\nAber was ist schon sicher?! \u2013 Wir, die wir letztendlich immer nach Sicherheit streben, sichere Prognosen verlangen und erwarten, w\u00fcnschen uns in solchen Momenten nichts anderes als Unsicherheit, eine Restchance \u2026 und dann vielleicht doch das unvorstellbare Wunder?!<br \/>\n<!--more--><br \/>\nHeute h\u00f6re ich in meinem Zustand und einem dadurch bedingten Grad der Schwerbehinderung von 100 % des \u00d6fteren: \u00bbDas sieht man Ihnen aber nicht an!\u00ab, und Verwunderung und Erstaunen sind nicht zu \u00fcberh\u00f6ren. \u2013 \u00bbJa, es ist wie ein kleines Wunder!\u00ab, antworte ich dann.<br \/>\n<!--more--><br \/>\nIch ein Wunder?! \u2013 Nein, nicht \u00bbIch bin das Wunder\u00ab, sondern \u00bbdass ich noch lebe\u00ab, ist ein Wunder.<br \/>\n<!--more--><br \/>\nDann denke ich mir: Sind wir nicht alle Wunder, jedes Gesch\u00f6pf f\u00fcr sich?! Passieren nicht st\u00e4ndig um uns herum Wunder, kleine und gro\u00dfe, spektakul\u00e4re und mehr noch stille Wunder?<br \/>\n<!--more--><br \/>\nH\u00e4tte ich nach Feststellung meiner Metastasierung eine Wallfahrt nach Lourdes in die Grotte von Massabielle gemacht, von deren Wunderheilungen viel berichtet wird, h\u00e4tte man mir meine \u00bbHeilung\u00ab sicherlich heute als Wunder attestiert, denn nach heutigem Wissensstand hei\u00dft Metastasierung des Merkellzellkarzinoms eine Restlaufzeit von nur wenigen Monaten.<br \/>\n<!--more--><br \/>\nWenn ein Ereignis, dessen Zustandekommen wir uns nicht erkl\u00e4ren k\u00f6nnen, Verwunderung und Erstaunen ausl\u00f6st, sprechen wir gern von einem Wunder, entweder wenn etwas nicht eintritt, was nach unseren medizinischen oder wissenschaftlichen Erkenntnissen h\u00e4tte eintreten m\u00fcssen (in meinem Fall der sichere vorschnelle Krebstod) oder etwas eintritt, was nach heutigem Wissenstand nicht h\u00e4tte eintreten k\u00f6nnen (n\u00e4mlich in meinem Fall Stillstand eines aggressiven Karzinoms).<br \/>\n<!--more--><br \/>\nAber Gott sei Dank ist Gott nicht nur in Lourdes gegenw\u00e4rtig, sondern \u00fcberall, gibt es Wunder nicht nur f\u00fcr Christen, sondern f\u00fcr alle Gl\u00e4ubigen und Ungl\u00e4ubigen. Gott ist f\u00fcr alle da! \u2013 Ich jedenfalls kann mir keinen Gott vorstellen, der nach Glaubenszugeh\u00f6rigkeit urteilt und danach seine Wohltaten verteilt.<br \/>\n<!--more--><br \/>\nOb ein Ereignis oder eine Sache wunderbare Z\u00fcge tr\u00e4gt und damit ein \u00bbWunder\u00ab ist, bleibt letztendlich der Meinung des jeweiligen Betrachters \u00fcberlassen. Ob hinter allem ein allm\u00e4chtiger Gott steht, ebenso.<br \/>\n<!--more--><br \/>\nDabei wird oft vergessen, dass Wunder (und auch unsere Beziehung zu Gott) doch letztendlich nur in unserem Inneren produziert werden, ganz individuell, ganz pers\u00f6nlich. Wunder sind doch nur Sichtweisen, Ansichtssache, nicht Erkl\u00e4rbares, f\u00fcr uns momentan unerwartet Positives: Was f\u00fcr den einen ein Wunder ist, muss f\u00fcr den anderen noch lange keines sein.<br \/>\n<!--more--><br \/>\nDeswegen ist mit \u00bbWundern\u00ab sehr vorsichtig umzugehen. Aber wenn man schon meint, ein Wunder gesehen oder empfangen zu haben, sollte man auf jeden Fall sehr dankbar daf\u00fcr sein.<br \/>\n<!--more--><br \/>\nSo bin ich sehr dankbar<\/p>\n<ul class=\"gross\" style=\"padding-left: 60px; font-family: Verdana; color: #003366;\">\n<li> meiner liebenswerten Nachbarin, einer sehr ehrw\u00fcrdigen \u00e4lteren Dame, die als eine der ersten von meinem Schicksalsschlag h\u00f6rte und mich sofort und bis heute in ihr Gebet und auch in ihre F\u00fcrbitten bei ihrem w\u00f6chentlichen Gebetskreis einschloss, in der erstaunlichen Gewissheit, dass F\u00fcrbitten mehr bewirkten als alle Medizin (und sie behielt Recht!).<\/li>\n<li> der vornehmen Atemtherapeutin, einer ebenfalls sehr ehrw\u00fcrdigen wunderbaren \u00e4lteren Dame, die mir in den ersten Wochen nach der Hiobsbotschaft in ihren therapeutischen Sitzungen den gr\u00f6\u00dften Druck von meiner Seele nahm, ihre H\u00e4nde wohltuend \u00fcber meinen K\u00f6rper gleiten lie\u00df, ohne ihn dabei zu ber\u00fchren, und besonders f\u00fcr ihre sehr sicher formulierte Aussage, eine so unb\u00e4ndige Konstitution und Lebenskraft in meiner Aura wahrzunehmen, dass sie sich einen vorschnellen Tod bei mir nicht vorstellen k\u00f6nne (und damit Recht behielt!).<\/li>\n<li> f\u00fcr die vielen Hinweise, die ich in B\u00fcchern erfahren konnte. Denn alle, die es geschafft haben, im Endstadium des Krebses (Metastasierung) den Kampf ums \u00dcberleben aufzunehmen und zu gewinnen, haben bei aller Unterschiedlichkeit ihrer Ans\u00e4tze und Methoden eines gemeinsam:<\/li>\n<\/ul>\n<p class=\"gross\" style=\"padding-left: 60px; font-family: Verdana; color: #003366; text-align: center;\">\nSie alle wurden und arbeiten<br \/>\nin irgendeiner Art und Weise<br \/>\nspirituell.\n<\/p>\n<ul class=\"gross\" style=\"padding-left: 60px; font-family: Verdana; color: #003366;\">\n<li> den vielen \u00c4rzten aus der Schulmedizin wie aus der alternativen Medizin, die mich auf meinem Krebs-Weg begleitet haben. Dabei habe ich f\u00fcr mich eines gelernt:<\/li>\n<\/ul>\n<ul class=\"gross\" style=\"padding-left: 90px; font-family: Verdana; color: #003366;\">\n<li> der Arzt bek\u00e4mpft Symptome einer Krankheit im K\u00f6rper,<\/li>\n<li> der Psychologe sucht nach Ursachen in der Psyche,<\/li>\n<li> der Pastor arbeitet als Seelsorger f\u00fcr die Seele,<\/li>\n<\/ul>\n<ul class=\"gross\" style=\"padding-left: 60px; font-family: Verdana; color: #003366;\">\nalle tragen zur Heilung bei, aber heilen nicht wirklich und allein f\u00fcr sich: Nur unser K\u00f6rper, wir selbst k\u00f6nnen uns letztendlich heilen.\n<\/ul>\n<p class=\"gross\" style=\"padding-left: 30px; font-family: Verdana; color: #003366;\">\nDer Benediktinerpater Anselm Gr\u00fcn stellte k\u00fcrzlich fest: \u00bbDer Arzt heilt nicht nur durch die Medikamente und sein K\u00f6nnen, sondern indem er Worte sagt, die dem Patienten ein Haus anbieten, in dem er zuhause sein und gesunden kann. Doch f\u00fcr solche Worte gibt es keinen Marktwert. Sie k\u00f6nnen nicht in finanziellen Werten gemessen werden.\u00ab &#8211; Er setzt auf Menschlichkeit, das heilende Gespr\u00e4ch und die drei christlichen Werte: Glaube \u2013 Hoffnung \u2013 Liebe.<br \/>\n<!--more--><br \/>\nEin Heilungsprozess ohne Mithilfe des Patienten und seines physischen K\u00f6rpers ist ausgeschlossen: \u00bbSelbstheilung ist die einzig wirkliche Heilung\u00ab! Wo unser Geist zu keiner Selbstheilung mehr f\u00e4hig und bereit ist, kann auch unser K\u00f6rper und unsere Seele nicht mehr gesunden!<br \/>\n<!--more--><br \/>\nSelbstheilungskr\u00e4fte sind f\u00fcr den Gl\u00e4ubigen die g\u00f6ttlichen Kr\u00e4fte, der Atem Gottes in uns, f\u00fcr den Nicht-Gl\u00e4ubigen die Kraft des \u00bbUnbewussten\u00ab oder \u00bbUniversums\u00ab. Wie man es auch nennt, es sind die Kr\u00e4fte, die aus unserem Geist und unserem K\u00f6rper entspringen.<br \/>\n<!--more--><br \/>\nMit dem Ihnen, liebe Leserin und lieber Leser, hier vorliegenden selbst gebundenen Schicksalsstrau\u00df von Briefen und Notizen eines \u00dcberlebenden im Angesicht des Todes hoffe ich, Ihnen zu weit tieferen eigenen Erkenntnissen Ihres Schicksalsschlages verhelfen zu k\u00f6nnen. Wenn diese Sammlung ein kleiner Ansto\u00df dazu ist, dann war die Ver\u00f6ffentlichung meiner Buchprojekte (siehe auch \u00bbBand 1: Gras in den D\u00fcnen \u2013 Tagebuch eines \u00dcberlebenden im Angesicht des Todes\u00ab) der M\u00fche wert. Sprechen Sie mit Ihrer Umwelt, teilen Sie sich mit, beobachten Sie Ihren eigenen Wandel und den in Ihrer Umgebung. Haben Sie den Mut, mit Ihrem Schicksal offen umzugehen. Betrachten Sie beide Seiten jeder Medaille und achten Sie dabei bitte mehr auf die Ihnen verbleibenden positiven Seiten, die es immer gibt, wenn Sie denn bereit sind, diese wirklich zu suchen, zu sehen und auch anzunehmen!<br \/>\n<!--more--><br \/>\nDa wir alle Individuen mit unterschiedlichen Pers\u00f6nlichkeiten und Erfahrungen sind, m\u00fcssen Sie mit mir nicht in allem \u00fcbereinstimmen. In einem Punkt werden wir aber sicherlich einer Meinung sein: Indem wir uns k\u00f6rperlich, geistig und emotional an unserer Gesundung aktiv beteiligen, k\u00f6nnen wir das Z\u00fcnglein an der Waage zum Leben und \u00dcberleben sein.<br \/>\n<!--more--><br \/>\nDazu m\u00f6chte ich Ihnen Mut machen, sich nie aufzugeben, an die Macht zu glauben, dass wir durchaus das Z\u00fcnglein an der Waage sein k\u00f6nnen. Dann erleben ja auch Sie vielleicht Ihr \u00bbkleines Wunder\u00ab, wie ich es erleben darf: Ich lebe noch \u2026 mit der Absicht, mein Leben zu verl\u00e4ngern, nicht unbedingt die Anzahl neuer Lebensjahre, aber bewusster und dankbarer will ich leben,<br \/>\n<!--more--><br \/>\nherzlich,<br \/>\n<!--more--><br \/>\nIhr<br \/>\n<!--more--><br \/>\nStephan Wolters<br \/>\n<span style=\"font-size: small; color: #003366; font-family: Verdana;\"><br \/>\n\u00a9 Mai 2009<br \/>\n<!--more--><br \/>\n<!--more--><\/span><\/p>\n<p style=\"padding-left: 30px; font-family: Verdana; color: #003366; font-size: small;\">\n<a title=\" KLICK zum SEITENANFANG \" href=\"http:\/\/www.duenengras.de\/?page_id=731\"> <span style=\"color: #ff6600; \"> Zum SEITENANFNAG  <\/span> <\/a><\/p>\n","protected":false},"excerpt":{"rendered":"","protected":false},"author":2,"featured_media":0,"parent":3,"menu_order":420,"comment_status":"open","ping_status":"closed","template":"","meta":{"footnotes":""},"class_list":["post-731","page","type-page","status-publish","hentry"],"_links":{"self":[{"href":"https:\/\/www.duenengras.de\/index.php?rest_route=\/wp\/v2\/pages\/731","targetHints":{"allow":["GET"]}}],"collection":[{"href":"https:\/\/www.duenengras.de\/index.php?rest_route=\/wp\/v2\/pages"}],"about":[{"href":"https:\/\/www.duenengras.de\/index.php?rest_route=\/wp\/v2\/types\/page"}],"author":[{"embeddable":true,"href":"https:\/\/www.duenengras.de\/index.php?rest_route=\/wp\/v2\/users\/2"}],"replies":[{"embeddable":true,"href":"https:\/\/www.duenengras.de\/index.php?rest_route=%2Fwp%2Fv2%2Fcomments&post=731"}],"version-history":[{"count":28,"href":"https:\/\/www.duenengras.de\/index.php?rest_route=\/wp\/v2\/pages\/731\/revisions"}],"predecessor-version":[{"id":2135,"href":"https:\/\/www.duenengras.de\/index.php?rest_route=\/wp\/v2\/pages\/731\/revisions\/2135"}],"up":[{"embeddable":true,"href":"https:\/\/www.duenengras.de\/index.php?rest_route=\/wp\/v2\/pages\/3"}],"wp:attachment":[{"href":"https:\/\/www.duenengras.de\/index.php?rest_route=%2Fwp%2Fv2%2Fmedia&parent=731"}],"curies":[{"name":"wp","href":"https:\/\/api.w.org\/{rel}","templated":true}]}}