{"id":3,"date":"2009-09-24T10:59:28","date_gmt":"2009-09-24T08:59:28","guid":{"rendered":"http:\/\/www.duenengras.de\/?page_id=3"},"modified":"2010-11-01T01:02:59","modified_gmt":"2010-11-01T00:02:59","slug":"biografie","status":"publish","type":"page","link":"https:\/\/www.duenengras.de\/?page_id=3","title":{"rendered":"Meine B\u00fccher"},"content":{"rendered":"<p><!--more--><br \/>\n<!--more--><\/p>\n<p style=\"padding-left: 60px; font-family: Verdana; color: #003366; font-size: medium;\">\n<a title=\"Band 1 &nbsp; \u2013 &nbsp; T A G E B U C H &nbsp; \u2013 &nbsp; Aus dem &nbsp; I N H A L T &nbsp; \u2013 &nbsp; V O R W O R T &nbsp; \" href=\"http:\/\/www.duenengras.de\/?page_id=729\" target=\"_blank\"> <img loading=\"lazy\" decoding=\"async\" class=\" alignright size-full wp-image-2072\" src=\"http:\/\/www.duenengras.de\/wp-content\/uploads\/2010\/08\/Bd1-14kb2.jpg\" alt=\"\" width=\"159\" height=\"226\" \/><\/a><strong>Gras in den D\u00fcnen<br \/>\n<!--more--><br \/>\n<a title=\"Band 1 &nbsp; \u2013 &nbsp; T A G E B U C H &nbsp; \u2013 &nbsp; Aus dem&nbsp;  I N H A L T &nbsp; \u2013 &nbsp; V O R W O R T &nbsp; \" href=\"http:\/\/www.duenengras.de\/?page_id=729\" target=\"_blank\"> \u2013 Band 1 \u2013 <\/a><br \/>\n<!--more--><br \/>\nTagebuch<\/strong><br \/>\neines \u00dcberlebenden im Angesicht des Todes<br \/>\n<!--more--><br \/>\nISBN: 978-3-8391-2573-1 &nbsp; &nbsp; Preis: 9,80 \u20ac<strong><\/p>\n<p style=\"padding-left: 60px; font-family: Verdana; color: #003366; font-size: small;\">\n<!--more--><br \/>\n\u263c Vorschau: &nbsp; &nbsp; <a title=\"Leseprobe aus Band 1: &nbsp; T A G E B U C H\" href=\"http:\/\/www.duenengras.de\/pdf\/Leseprobe Band 1 - Tagebuch.pdf\" target=\"_blank\"> <span style=\"color: #ff6600; \"> Leseprobe aus Band 1  <\/span> <\/a><br \/>\n\u263c Bezug: &nbsp; &nbsp; <a title=\" www . A M A Z O N . de \" href=\"http:\/\/www.amazon.de\/s\/ref=nb_sb_noss?__mk_de_DE=%C5M%C5Z%D5%D1&#038;url=search-alias%3Dstripbooks&#038;field-keywords=d%FCnen%2C+Wolters&#038;x=0&#038;y=0\"> <span style=\"color: #ff6600; \"> Amazon.de  <\/span> <\/a> &nbsp; &nbsp; \u263c &nbsp; &nbsp;  <a title=\" http:\/\/ B O O K S . G O O G L E . de\" href=\"http:\/\/books.google.de\/books?q=%22gras+in+den+d%C3%BCnen%22%2C+Wolters&amp;btnG=Nach+B%C3%BCchern+suchen\"> <span style=\"color: #ff6600; \"> Google B\u00fccher <\/span> <\/a>\n <\/p>\n<p><\/strong><\/p>\n<h1> &nbsp; <\/h1>\n<p><!--more--><br \/>\n<!--more-->\n<\/p>\n<p class=\"gross\" style=\"padding-left: 60px; font-family: Verdana; color: #003366;\">\n<a title=\"Band 2 &nbsp; \u2013 &nbsp; B R I E F E &nbsp; &#038; &nbsp; N O T I Z E N &nbsp; \u2013 &nbsp; Aus dem &nbsp; I N H A L T &nbsp; \u2013 &nbsp; V O R W O R T &nbsp; \" href=\"http:\/\/www.duenengras.de\/?page_id=731\" target=\"_blank\"> <img loading=\"lazy\" decoding=\"async\" class=\"alignright size-full wp-image-2071\" src=\"http:\/\/www.duenengras.de\/wp-content\/uploads\/2010\/08\/Bd2-14kb1.jpg\" alt=\"\" width=\"159\" height=\"226\" \/><\/a> <strong>Gras in den D\u00fcnen<br \/>\n<!--more--><br \/>\n<a title=\" Band 2 &nbsp; \u2013 &nbsp; B R I E F E &nbsp; &#038; &nbsp; N O T I Z E N &nbsp; \u2013 &nbsp; Aus dem &nbsp;  I N H A L T &nbsp; \u2013 &nbsp; V O R W O R T &nbsp;\" href=\"http:\/\/www.duenengras.de\/?page_id=731\" target=\"_blank\"> \u2013 Band 2 \u2013 <\/a><br \/>\n<!--more--><br \/>\nBriefe und Notizen<\/strong><br \/>\neines \u00dcberlebenden im Angesicht des Todes<br \/>\n<!--more--><br \/>\nISBN: 978-3-8391-2328-7 &nbsp; &nbsp; Preis: 9,80 \u20ac<strong><\/p>\n<p style=\"padding-left: 60px; font-family: Verdana; color: #003366; font-size: small;\">\n<!--more--><br \/>\n\u263c Vorschau: &nbsp; &nbsp; <a title=\"Leseprobe aus Band 2: &nbsp; B R I E F E und N O T I Z E N \" href=\" http:\/\/www.duenengras.de\/pdf\/Leseprobe Band 2 - Briefe und Notizen.pdf \" target=\"_blank\"> <span style=\"color: #ff6600; \"> Leseprobe aus Band 2  <\/span> <\/a><br \/>\n\u263c Bezug: &nbsp; &nbsp; <a title=\" www . A M A Z O N . de \" href=\"http:\/\/www.amazon.de\/s\/ref=nb_sb_noss?__mk_de_DE=%C5M%C5Z%D5%D1&#038;url=search-alias%3Dstripbooks&#038;field-keywords=d%FCnen%2C+Wolters&#038;x=0&#038;y=0\"> <span style=\"color: #ff6600; \"> Amazon.de  <\/span> <\/a> &nbsp; &nbsp; \u263c &nbsp; &nbsp; <a title=\" http:\/\/ B O O K S . G O O G L E . de\" href=\"http:\/\/books.google.de\/books?q=%22gras+in+den+d%C3%BCnen%22%2C+Wolters&amp;btnG=Nach+B%C3%BCchern+suchen\"> <span style=\"color: #ff6600; \"> Google B\u00fccher <\/span> <\/a>\n <\/p>\n<p><\/strong><\/p>\n<h1> &nbsp; <\/h1>\n<\/p>\n<p class=\"gross\" style=\"padding-left: 30px; font-family: Verdana; color: #003366;\"> <!--more--><br \/>\n<strong>\u00bbGras in den D\u00fcnen\u00ab<\/strong> spenden denen Trost, die selbst von einem Schicksalsschlag getroffen wurden und\/oder Angeh\u00f6rige(r) solch eines Betroffenen sind, best\u00e4rken dar\u00fcber hinaus, niemals aufzugeben und zeigen Wege auf, aus der Ausweglosigkeit heraus wieder ins Leben gest\u00e4rkt zur\u00fcckzufinden.<br \/>\n<!--more-->\n<\/p>\n<p style=\"padding-left: 60px; font-family: Verdana; color: #003366; font-size: medium;\"> <strong><br \/>\nEin leidenschaftliches Begleit- oder Geschenkbuch &#8230;<br \/>\nmit lebenserhaltenden heilsamen Gedanken,<br \/>\ndamit es uns besser geht &#8230;<br \/>\n<!--more--><br \/>\n<\/strong><\/p>\n<p style=\"padding-left: 30px; font-family: Verdana; color: #003366; font-size: medium;\">\nAlle waren oder werden wir im Leben einmal krank: Wie zum Leben der Tod geh\u00f6rt, so geh\u00f6rt zur Gesundheit die Krankheit. Krankheiten verdeutlichen uns immer wieder, dass wir Menschen nicht perfekt und vollkommen sind. Gleichzeitig ist all unser Bem\u00fchen nat\u00fcrlich darauf ausgerichtet, Krankheiten zu heilen oder zumindest die Folgen f\u00fcr die betroffenen Menschen ertr\u00e4glich zu machen. Dar\u00fcber hinaus begreifen wir oft erst durch Krankheit, wie wertvoll Gesundheit (bez\u00fcglich K\u00f6rper und Psyche) im Leben und damit das Leben selber ist.<br \/>\n<!--more--><br \/>\nIn der Buchreihe \u00bbGras in den D\u00fcnen \u00ab geht es um die Farben unseres Lebens, intensivierte oder ver\u00e4nderte Ansichten und Sichtweisen, Stimmungen, Schwingungen, aber auch um ganz &#8222;banale&#8220; Allt\u00e4glichkeiten und Besonderheiten von Begegnungen mit Menschen und Situationen, die nach einem Schicksalsschlag in einem ganz anderen Licht wahrgenommen werden, allein durch den allgegenw\u00e4rtigen etwas n\u00e4heren Kontakt zum Tod, den man als Betroffener gegen\u00fcber einem Nicht-Betroffenen bekommen hat &#8230; und annehmen kann \u2026 und dadurch komischerweise nicht ungl\u00fccklicher werden muss.<br \/>\n<!--more--><br \/>\nAls im April 2006 f\u00fcr den Autor v\u00f6llig unerwartet die Nachricht \u00bbNur noch wenige Monate\u00ab mit der Diagnose \u00bbEine sehr aggressive, kleinzellige Krebsart\u00ab hereinbricht, beginnt f\u00fcr ihn ein schmerzhafter aber auch zugleich befreiender Lernprozess, zu begreifen, dass es immer noch ein \u00bbJetzt\u00ab oder \u00bbJetzt erst recht\u00ab gibt.<br \/>\n<!--more--><br \/>\nSchicksalsschl\u00e4ge k\u00f6nnen einen Menschen sehr ver\u00e4ndern, zum Negativen, indem man verbittert und vereinsamt, oder aber \u2013 und dar\u00fcber geht es in seinen B\u00fcchern \u2013 zum Positiven.<br \/>\n<!--more--><br \/>\n<strong><\/p>\n<p style=\"padding-left: 30px; font-family: Verdana; color: #003366; font-size: small;\">\n\u263c Inhalt und Vorwort: &nbsp; &nbsp; <a title=\"Band 1 &nbsp; \u2013 &nbsp; T A G E B U C H &nbsp; \u2013 &nbsp; Aus dem &nbsp;  I N H A L T &nbsp; \u2013 &nbsp; V O R W O R T &nbsp; \" href=\"http:\/\/www.duenengras.de\/?page_id=729\" target=\"_blank\"> <span style=\"color: #ff6600; \"> Band 1: TAGEBUCH <\/span> <\/a> &nbsp; &nbsp; <a title=\" Band 2 &nbsp; \u2013 &nbsp; B R I E F E &nbsp; &#038; &nbsp; N O T I Z E N &nbsp; \u2013 &nbsp; Aus dem &nbsp;  I N H A L T &nbsp; \u2013 &nbsp; V O R W O R T &nbsp;\" href=\"http:\/\/www.duenengras.de\/?page_id=731\" target=\"_blank\"><span style=\"color: #ff6600; \">Band 2: BRIEFE &#038; NOTIZEN <\/span> <\/a><br \/>\n\u263c Weitere Bezugsquellen: &nbsp; &nbsp; <a title=\" Weitere Bezugsquellen im Internet (Inrternational) \" href=\"http:\/\/www.duenengras.de\/?page_id=729\" target=\"_blank\"> <span style=\"color: #ff6600; \"> Weitere Bezugsquellen im Internet <\/span> <\/a><br \/>\n\u263c Weiterf\u00fchrender Autorenweblog in &nbsp;  evangelisch.de : &nbsp;  <a title=\"Autorenweblog in &nbsp; www.evangelisch.de: &nbsp; \u00bbGras in den D\u00fcnen\u00ab \" href=\"http:\/\/www.evangelisch.de\/themen\/blogs\/gras-in-den-duenen\" target=\"_blank\"> <span style=\"color: #ff6600; \"> Gras in den D\u00fcnen <\/span> <\/a><br \/>\n\u263c Startseite: &nbsp;  <a title=\"Startseite in &nbsp; www.duenengras.de \" href=\"http:\/\/www.duenengras.de\/\" target=\"_blank\"> <span style=\"color: #ff6600; \"> Startseite von www.duenengras.de <\/span> <\/a>\n<\/p>\n<p><\/strong>\n<\/p>\n<p style=\"padding-left: 30px; font-family: Verdana; color: #003366; font-size: small;\">\n<a title=\" KLICK zum SEITENANFANG \" href=\"http:\/\/www.duenengras.de\/?page_id=729\"> <span style=\"color: #ff6600; \"> Zum SEITENANFNAG  <\/span> <\/a><\/p>\n","protected":false},"excerpt":{"rendered":"","protected":false},"author":2,"featured_media":0,"parent":0,"menu_order":400,"comment_status":"open","ping_status":"closed","template":"","meta":{"footnotes":""},"class_list":["post-3","page","type-page","status-publish","hentry"],"_links":{"self":[{"href":"https:\/\/www.duenengras.de\/index.php?rest_route=\/wp\/v2\/pages\/3","targetHints":{"allow":["GET"]}}],"collection":[{"href":"https:\/\/www.duenengras.de\/index.php?rest_route=\/wp\/v2\/pages"}],"about":[{"href":"https:\/\/www.duenengras.de\/index.php?rest_route=\/wp\/v2\/types\/page"}],"author":[{"embeddable":true,"href":"https:\/\/www.duenengras.de\/index.php?rest_route=\/wp\/v2\/users\/2"}],"replies":[{"embeddable":true,"href":"https:\/\/www.duenengras.de\/index.php?rest_route=%2Fwp%2Fv2%2Fcomments&post=3"}],"version-history":[{"count":177,"href":"https:\/\/www.duenengras.de\/index.php?rest_route=\/wp\/v2\/pages\/3\/revisions"}],"predecessor-version":[{"id":2322,"href":"https:\/\/www.duenengras.de\/index.php?rest_route=\/wp\/v2\/pages\/3\/revisions\/2322"}],"wp:attachment":[{"href":"https:\/\/www.duenengras.de\/index.php?rest_route=%2Fwp%2Fv2%2Fmedia&parent=3"}],"curies":[{"name":"wp","href":"https:\/\/api.w.org\/{rel}","templated":true}]}}