{"id":1625,"date":"2010-05-19T00:30:08","date_gmt":"2010-05-18T22:30:08","guid":{"rendered":"http:\/\/www.duenengras.de\/?page_id=1625"},"modified":"2010-11-07T02:35:31","modified_gmt":"2010-11-07T01:35:31","slug":"aktuell","status":"publish","type":"page","link":"https:\/\/www.duenengras.de\/?page_id=1625","title":{"rendered":"AKTUELL"},"content":{"rendered":"<p> &nbsp; <\/p>\n<p> &nbsp; <\/p>\n<p> &nbsp; <\/p>\n<p style=\" padding-left: 30px; font-size: medium; color: rgb(0, 51, 102); font-family: Verdana;\"> <strong>Der Wecker klingelt \u2026<\/strong> <\/p>\n<hr \/>\n<p>&nbsp; <br \/><!--\u00dcBERSCHRIFT ENDE--><\/p>\n<p style=\"padding-left: 60px; font-size: medium; color: rgb(0, 51, 102); font-family: Verdana;\">Ein kurzes Blinzeln, Blick auf die Uhr.<br \/> &nbsp; <br \/>Die einen stehen sofort auf, andere brauchen die Snooze-Funktion und die Prozedur wiederholt sich in f\u00fcnf oder zehn Minuten.<br \/> &nbsp; <br \/>Doch immer ist unser Blick i.d.R. als erstes auf die Uhr gerichtet und besonders an Werktagen rast die Zeit dahin und gedanklich sind wir dabei selten bei uns.<br \/> &nbsp; <br \/>Wir achten nicht auf unsere H\u00e4nde, was sie gerade tun, auf unser Fr\u00fchst\u00fcck, was und wie wir es zu uns nehmen, sondern sind meist schon auf unsere anstehenden Tagesaufgaben fokussiert, versuchen noch dabei neueste Nachrichten aus dem Radio oder durch einen Blick in die Zeitung aufzunehmen und zu verarbeiten, stehen mit einem Fu\u00df bereits in der Arbeit, im Gesch\u00e4ft oder B\u00fcro.<br \/> &nbsp; <\/p>\n<p> &nbsp; <br \/><!--RAHMEN: \u00dcberschrift Zentriert--><\/p>\n<div style=\" padding: 60px; margin: 30px; padding: 30px; border: thick solid rgb(255, 0, 0); font-size: medium; color: rgb(0, 51, 102); font-family: Verdana;\"><span style=\" font-size: medium; color: rgb(0, 51, 102); font-family: Verdana; font-weight: bold; font-size: 130%; \">Wenn der Wecker in dieser Woche klingelt\u2026<\/span> <br \/> &nbsp; <br \/>&nbsp; <br \/>w\u00fcnsche ich Dir,<br \/> &nbsp; <br \/><span style=\"padding-left: 25px;\"> \u2026 jeden Morgen dem t\u00e4glichen Wahnsinn, <br \/><span style=\"padding-left: 44px;\">der Hast und dem gedankenlosen Einschlag <br \/><span style=\"padding-left: 44px;\">aller t\u00e4glichen Verpflichtungen mehr und mehr<br \/><span style=\"padding-left: 44px;\">Einhalt zu gebieten, <br \/> &nbsp; <br \/><span style=\"padding-left: 25px;\"> \u2026 die Morgenhektik an Dir vorbeirauschen zu lassen, <br \/><span style=\"padding-left: 44px;\">Dich mehr und mehr zu entspannen, <br \/><span style=\"padding-left: 44px;\">das Fr\u00fchst\u00fcck zu genie\u00dfen, <br \/><span style=\"padding-left: 44px;\">auf das zu achten, <br \/><span style=\"padding-left: 44px;\">was Du gerade tust und denkst \u2026<br \/> &nbsp; <br \/><span style=\"padding-left: 25px;\"> \u2026 den Tag ganz relaxt zu beginnen<br \/><span style=\"padding-left: 44px;\">und bewusst all die Dinge, <br \/><span style=\"padding-left: 44px;\">die Dich belasten, <br \/><span style=\"padding-left: 44px;\">f\u00fcr diese wichtigen morgendlichen Genie\u00dferminuten<br \/><span style=\"padding-left: 44px;\">auszublenden: <br \/> &nbsp; <br \/><span style=\"padding-left: 90px;\">Da Realit\u00e4t immer auch Ansichtssache ist, <br \/><span style=\"padding-left: 90px;\">\u00e4ndern sie sich schon durch die Art<br \/><span style=\"padding-left: 90px;\">der Sichtweise, allein schon<br \/><span style=\"padding-left: 90px;\">durch Deine Ruhe und<br \/><span style=\"padding-left: 90px;\">Besonnenheit. <br \/> &nbsp; <br \/><span style=\"padding-left: 90px;\">Begr\u00fc\u00dfe jeden Tag mit Freude, <br \/><span style=\"padding-left: 90px;\">Zuversicht und ohne Vorurteile, <br \/><span style=\"padding-left: 90px;\">dann sind mehr als die H\u00e4lfte<br \/><span style=\"padding-left:  90px;\">Deiner Probleme<br \/><span style=\"padding-left: 90px;\">schon gel\u00f6st.  &nbsp; <\/p>\n<p> <\/span><\/span><\/span><\/span><\/span><\/span><\/span><\/span><\/span><\/span><\/span><\/span><\/span><\/span><\/span><\/span><\/span><\/span><\/span><\/span><\/span><\/span><\/span><\/span><\/div>\n<p>&nbsp; <\/p>\n<p> &nbsp; <\/p>\n<p> &nbsp; <\/p>\n<p style=\"padding-left: 30px; font-size: small; color: rgb(0, 51, 102); font-family: Verdana;\">\n<p> &nbsp; <\/p>\n<p style=\" padding-left: 30px; font-size: medium; color: rgb(0, 51, 102); font-family: Verdana;\"> <strong>Oder als Gebet: \u00bbLass den Wecker morgens klingeln \u2026 \u00ab<\/strong> <\/p>\n<hr \/>\n<p style=\" padding-left: 120px; font-size: medium; color: rgb(0, 51, 102); font-family: Verdana;\"> &nbsp; <br \/>Herr, <br \/>&nbsp; <br \/>wenn der Wecker morgens klingelt: <br \/>&nbsp; <br \/>Lass mich zuerst an Dich denken, <br \/>und damit zu mir selbst finden. <br \/>&nbsp; <br \/>Gib mir die Kraft, <br \/>dem t\u00e4glichen Wahnsinn, <br \/>der Hast und dem gedankenlosen Einschlag <br \/>aller t\u00e4glichen Verpflichtungen mehr und mehr<br \/>Einhalt zu gebieten, <br \/>um mich selbst in Dir zu finden<br \/>und aus der g\u00f6ttlichen Ruhe heraus<br \/>dem anstehenden Tag zu begegnen. <br \/>&nbsp; <br \/>Lass die Morgenhektik an mir vorbeirauschen, <br \/>entspannt auf Dich vertrauen, <br \/>dankbar f\u00fcr jeden neuen Tag, <br \/>den Du mir schenkst. <br \/>&nbsp; <br \/>Lass mich ganz im \u00bbMoment der Ruhe\u00ab verweilen, <br \/>dankbar mein Fr\u00fchst\u00fcck genie\u00dfen <br \/>und auf das achten, <br \/>was ich gerade tue, schmecke oder denke. <br \/>&nbsp; <br \/>St\u00e4rke mein Vertrauen in Dich<br \/>und Deine Sch\u00f6pfung, <br \/>also auch in mich: <\/p>\n<p style=\" padding-left: 150px; font-size: medium; color: rgb(0, 51, 102); font-family: Verdana;\">Realit\u00e4t ist Ansichtssache, <br \/>und davon gibt es viele. <\/p>\n<p style=\" padding-left: 120px; font-size: medium; color: rgb(0, 51, 102); font-family: Verdana;\">Lass mich Deine Sichtweise \u00fcbernehmen, <br \/>allein schon Deine Ruhe <br \/>und Besonnenheit. <\/p>\n<p style=\" padding-left: 150px; font-size: medium; color: rgb(0, 51, 102); font-family: Verdana;\">So begr\u00fc\u00dfe ich jeden Tag mit Freude, <br \/>Zuversicht und Vertrauen<br \/>in Deine Sch\u00f6pfung, <br \/>weil ich wei\u00df, <br \/>dass alles aus Dir ist<br \/>und seine L\u00f6sung finden wird. <\/p>\n<p> &nbsp; <\/p>\n<p> &nbsp; <\/p>\n<p> <!-- GRUSS MEDIUM A-->&nbsp; <\/p>\n<p style=\"padding-left: 30px; font-size: medium; color: rgb(0, 51, 102); font-family: Verdana;\"><span style=\"font-size: medium;\">Herzlich, <br \/> &nbsp; <br \/>Stephan <\/p>\n<p> &nbsp; <\/p>\n<p> &nbsp; <\/p>\n<p> <\/span><\/p>\n","protected":false},"excerpt":{"rendered":"<p>&nbsp; &nbsp; &nbsp; Der Wecker klingelt \u2026 &nbsp; Ein kurzes Blinzeln, Blick auf die Uhr. &nbsp; Die einen stehen sofort auf, andere brauchen die Snooze-Funktion und die Prozedur wiederholt sich in f\u00fcnf oder zehn Minuten. &nbsp; Doch immer ist unser Blick i.d.R. als erstes auf die Uhr gerichtet und besonders an Werktagen rast die Zeit [&hellip;]<\/p>\n","protected":false},"author":2,"featured_media":0,"parent":0,"menu_order":500,"comment_status":"open","ping_status":"closed","template":"","meta":{"footnotes":""},"class_list":["post-1625","page","type-page","status-publish","hentry"],"_links":{"self":[{"href":"https:\/\/www.duenengras.de\/index.php?rest_route=\/wp\/v2\/pages\/1625","targetHints":{"allow":["GET"]}}],"collection":[{"href":"https:\/\/www.duenengras.de\/index.php?rest_route=\/wp\/v2\/pages"}],"about":[{"href":"https:\/\/www.duenengras.de\/index.php?rest_route=\/wp\/v2\/types\/page"}],"author":[{"embeddable":true,"href":"https:\/\/www.duenengras.de\/index.php?rest_route=\/wp\/v2\/users\/2"}],"replies":[{"embeddable":true,"href":"https:\/\/www.duenengras.de\/index.php?rest_route=%2Fwp%2Fv2%2Fcomments&post=1625"}],"version-history":[{"count":7,"href":"https:\/\/www.duenengras.de\/index.php?rest_route=\/wp\/v2\/pages\/1625\/revisions"}],"predecessor-version":[{"id":2441,"href":"https:\/\/www.duenengras.de\/index.php?rest_route=\/wp\/v2\/pages\/1625\/revisions\/2441"}],"wp:attachment":[{"href":"https:\/\/www.duenengras.de\/index.php?rest_route=%2Fwp%2Fv2%2Fmedia&parent=1625"}],"curies":[{"name":"wp","href":"https:\/\/api.w.org\/{rel}","templated":true}]}}