{"id":1551,"date":"2010-05-18T22:38:37","date_gmt":"2010-05-18T20:38:37","guid":{"rendered":"http:\/\/www.duenengras.de\/?page_id=1551"},"modified":"2010-11-09T18:17:13","modified_gmt":"2010-11-09T17:17:13","slug":"b-l-o-c-k-i-n-h-a-l-t-s-v-e-r-z-e-i-c-h-n-i-s","status":"publish","type":"page","link":"https:\/\/www.duenengras.de\/?page_id=1551","title":{"rendered":"I N H A L T"},"content":{"rendered":"<p style=\"padding-left: 30px;font-size: small; color: rgb(0, 51, 102); font-family: Verdana;\"><strong>Zu den<br \/> &nbsp; <br \/><span style=\" font-weight:bold; font-size:150%; font-family: Verdana;\">I N H A L T S V E R Z E I C H N I S S E N<\/span><br \/> &nbsp; <br \/>aller Autorenbeitr\u00e4ge des Blogs in<\/strong><\/p>\n<hr \/>\n<p style=\"padding-left: 30px;font-size: small; color: rgb(0, 51, 102); font-family: Verdana;\"><!--Link: Blog: duenengras.de--><br \/> &nbsp; <br \/><a title=\" Klick zum Blog von www.duenenegras.de \" href=\" http:\/\/www.duenengras.de\/?cat=1 \" target=\"_blank\"><span style=\" font-weight:bold; font-size:150%; padding-left: 0px;\"> www.duenengras.de<\/span><\/a><!--BILD: duenengras.de--><a title=\" Klick zu \u00bbwww.duenengras.de\u00ab \" href=\" http:\/\/www.duenengras.de \" target=\"_blank\"> <img loading=\"lazy\" decoding=\"async\" class=\"alignright\" style=\"padding-right: 0px;\" src=\"http:\/\/www.duenengras.de\/wp-content\/uploads\/2010\/05\/dg-de-duenengras-de-300x50.jpg\" alt=\"\" width=\"356\" height=\"84\" \/><\/a><br \/> &nbsp; <br \/><!--Link: Inhalt: Thematisch in duenengras.de--><a title=\" Klick zum \u2013 T H E M A T I S C H E N \u2013 Inhaltsverzeichnis hier in www.duenengras.de \" href=\" http:\/\/www.duenengras.de\/?page_id=1578 \" target=\"_blank\"> <span style=\" color: rgb(255, 88, 1); font-weight:bold; font-size:115%;\">\u25ba T H E M A T I S C H  <\/span> <\/a> <br \/><!--Link: Inhalt: Chronologisch in duenengras.de--><a title=\" Klick zum  \u2013 C H R O N O L O G I S C H E N \u2013 Inhaltsverzeichnis hier in www.duenengras.de \" href=\" http:\/\/www.duenengras.de\/?page_id=1580 \" target=\"_blank\"> <span style=\" color: rgb(255, 88, 1); font-weight:bold; font-size:115%; \"> \u25ba C H R O N O L O G I S C H  <\/span><\/a><br \/> &nbsp; <\/p>\n<hr \/>\n<p style=\"padding-left: 30px;font-size: small; color: rgb(0, 51, 102); font-family: Verdana;\"> &nbsp; <br \/><strong>Zur Zeit ver\u00f6ffentliche ich regelm\u00e4\u00dfig Beitr\u00e4ge in meinem unten genannten Autorenblog \u00bbGras in den D\u00fcnen\u00ab in der Rubrik \u00bbGesellschaft\u00ab und \u00bbWissen + Umwelt\u00ab bei www.evangelisch.de und komme kaum zur Pflege meiner hiesigen Homepage.<br \/> &nbsp; <br \/>Mit der Zeit werden jedoch aus meinen vielen Einzelbeitr\u00e4gen in \u00bbevangelich.de\u00ab hier \u00fcbersichtliche zusammenh\u00e4ngende Einheiten entstehen.<\/strong> <br \/> &nbsp; <\/p>\n<p style=\"padding-left: 30px;font-size: small; color: rgb(0, 51, 102); font-family: Verdana;\"><!--Link: Blog: evangelisch.de--><a title=\" Klick zum Autorenweblog: &nbsp; \u00bbGras in den D\u00fcnen\u00ab &nbsp; in &nbsp; \u00bbevangelisch.de\u00ab\" href=\" http:\/\/www.evangelisch.de\/themen\/blogs\/gras-in-den-duenen \" target=\"_blank\"><span style=\" font-weight:bold; font-size:180%; padding-left: 0px;\"> www.evangelisch.de<\/span><\/a><!--BILD: evangelisch.de--><a title=\" Klick zum Autorenweblog: &nbsp; \u00bbGras in den D\u00fcnen\u00ab &nbsp; in &nbsp; \u00bbevangelisch.de\u00ab \" href=\" http:\/\/www.evangelisch.de\/themen\/blogs\/gras-in-den-duenen \" target=\"_blank\"> <img loading=\"lazy\" decoding=\"async\" class=\"alignright\" style=\"padding-left: 0px;\" src=\" http:\/\/www.duenengras.de\/wp-content\/uploads\/2010\/10\/Pic-EV-DE.gif \" alt=\"\" width=\"316\" height=\"84\" \/><\/a><br \/> &nbsp; <br \/><!--BILD: Gesellschaft--><a title=\" Klick zu www.evagelisch.de: Gesellschaft\" href=\" http:\/\/www.evangelisch.de\/themen\/gesellschaft \" target=\"_blank\"><img loading=\"lazy\" decoding=\"async\" class=\"alignleft\" style=\"padding-left: 0px;\" src=\" http:\/\/www.duenengras.de\/wp-content\/uploads\/2010\/10\/Pic-EC-DE-Gesellschaft.gif \" alt=\"\" width=\"120\" height=\"38\" \/><\/a><!--BILD: Wissen + Umwelt--><a title=\" Klick zu www.evagelisch.de: Wissen + Umwelt \" href=\" http:\/\/www.evangelisch.de\/themen\/wissen  \" target=\"_blank\"><img loading=\"lazy\" decoding=\"async\" style=\"padding-left: 0px;\" src=\" http:\/\/www.duenengras.de\/wp-content\/uploads\/2010\/10\/Pic-EC-DE-Wissen+Umwelt.gif \" alt=\"\" width=\"154\" height=\"38\" \/><\/a><br \/> &nbsp; <br \/><!--BILD: Gras in den D\u00fcnen--><a title=\" Klick zu meinem Autorenweblog in www.evangelisch.de: \u00bbGras in den D\u00fcnen\u00ab \" href=\" http:\/\/www.evangelisch.de\/themen\/blogs\/gras-in-den-duenen \" target=\"_blank\"> <img loading=\"lazy\" decoding=\"async\" class=\"alignright\" style=\"padding-right: 0px;\" src=\"http:\/\/www.duenengras.de\/wp-content\/uploads\/2010\/05\/ev-de-gras-in-den-duenen-300x68.jpg\" alt=\"\" width=\"356\" height=\"84\" \/><\/a><!--Link: Inhalt: Thematisch in duenengras.de--><a title=\" Klick zum \u2013 T H E M A T I S C H E N \u2013 Inhaltsverzeichnis in www.evangelisch.de\" href=\" http:\/\/www.duenengras.de\/?page_id=1765\" target=\"_blank\"> <span style=\" color: rgb(255, 88, 1); font-weight:bold; font-size:115%;\">\u25ba T H E M A T I S C H  <\/span> <\/a> <br \/><!--Link: Inhalt: Chronologisch in duenengras.de--><a title=\" Klick zum \u2013 C H R O N O L O G I S C H E N \u2013 Inhaltsverzeichnis in www.evangelisch.de\" href=\" http:\/\/www.duenengras.de\/?page_id=1768\" target=\"_blank\"> <span style=\" color: rgb(255, 88, 1); font-weight:bold; font-size:115%; \"> \u25ba C H R O N O L O G I S C H  <\/span><\/a><br \/><a title=\" Klick zum Inhaltsverzeichnis \u2013 SONSTIGER BEITR\u00c4GE \u2013 in \u00bbwww.evangelisch.de\u00ab\" href=\" http:\/\/www.duenengras.de\/?page_id=1772\" target=\"_blank\"> <span style=\" color: rgb(255, 88, 1); font-weight:bold; font-size:115%; \"> \u25ba Sonstige Beitr\u00e4ge  <\/span><\/a><br \/> &nbsp; <br \/> &nbsp; <br \/><strong>Mit den Links \u00bbThematisch\u00ab, \u00bbChronologisch\u00ab und \u00bbSonstige Beitr\u00e4ge\u00ab kommt man zur detaillierten \u00dcbersicht, bzw. zum Inhaltsverzeichnis meiner Beitr\u00e4ge des Autorenweblogs \u00bbGras in den D\u00fcnen\u00ab in \u00bbwww.evangelisch.de\u00ab und findet dort zur Zeit die gr\u00f6\u00dfere Auswahl meiner Beitr\u00e4ge.<\/strong> <\/p>\n<hr \/>\n<p> &nbsp; <\/p>\n<p> &nbsp; <\/p>\n","protected":false},"excerpt":{"rendered":"<p>Zu den &nbsp; I N H A L T S V E R Z E I C H N I S S E N &nbsp; aller Autorenbeitr\u00e4ge des Blogs in &nbsp; www.duenengras.de &nbsp; \u25ba T H E M A T I S C H \u25ba C H R O N O L O G I [&hellip;]<\/p>\n","protected":false},"author":2,"featured_media":0,"parent":0,"menu_order":300,"comment_status":"open","ping_status":"closed","template":"","meta":{"footnotes":""},"class_list":["post-1551","page","type-page","status-publish","hentry"],"_links":{"self":[{"href":"https:\/\/www.duenengras.de\/index.php?rest_route=\/wp\/v2\/pages\/1551","targetHints":{"allow":["GET"]}}],"collection":[{"href":"https:\/\/www.duenengras.de\/index.php?rest_route=\/wp\/v2\/pages"}],"about":[{"href":"https:\/\/www.duenengras.de\/index.php?rest_route=\/wp\/v2\/types\/page"}],"author":[{"embeddable":true,"href":"https:\/\/www.duenengras.de\/index.php?rest_route=\/wp\/v2\/users\/2"}],"replies":[{"embeddable":true,"href":"https:\/\/www.duenengras.de\/index.php?rest_route=%2Fwp%2Fv2%2Fcomments&post=1551"}],"version-history":[{"count":75,"href":"https:\/\/www.duenengras.de\/index.php?rest_route=\/wp\/v2\/pages\/1551\/revisions"}],"predecessor-version":[{"id":2462,"href":"https:\/\/www.duenengras.de\/index.php?rest_route=\/wp\/v2\/pages\/1551\/revisions\/2462"}],"wp:attachment":[{"href":"https:\/\/www.duenengras.de\/index.php?rest_route=%2Fwp%2Fv2%2Fmedia&parent=1551"}],"curies":[{"name":"wp","href":"https:\/\/api.w.org\/{rel}","templated":true}]}}